{"id":885,"date":"2025-01-30T21:35:18","date_gmt":"2025-01-30T21:35:18","guid":{"rendered":"https:\/\/farmalogica.com.pa\/home\/"},"modified":"2025-10-31T14:43:26","modified_gmt":"2025-10-31T14:43:26","slug":"home","status":"publish","type":"page","link":"https:\/\/farmalogica.com.pa\/es\/","title":{"rendered":"Home"},"content":{"rendered":"<div class=\"wp-block-uagb-container uagb-block-e01ccadd alignfull uagb-is-root-container\"><div class=\"uagb-container__video-wrap\"><video autoplay loop muted playsinline><source src=\"https:\/\/farmalogica.com.pa\/wp-content\/uploads\/2025\/03\/VIDEO-BACK.mp4\" type=\"video\/mp4\"\/><\/video><\/div>\n<div class=\"wp-block-uagb-info-box uagb-block-92c28af4 uagb-infobox__content-wrap  uagb-infobox-icon-above-title uagb-infobox-image-valign-top\" id=\"HOME\"><div class=\"uagb-ifb-content\"><div class=\"uagb-ifb-title-wrap\"><h1 class=\"uagb-ifb-title\">Bienvenido a Farmalogica<\/h1><\/div><p class=\"uagb-ifb-desc\">Farmal\u00f3gica (grupo) es un distribuidor regional consolidado de medicamentos raros y complejos en Centroam\u00e9rica.<br><br>Como grupo de propiedad y operaci\u00f3n occidental, comprendemos la importancia de las pr\u00e1cticas comerciales \u00e9ticas, la comunicaci\u00f3n transparente y el compromiso de colaboraci\u00f3n a largo plazo.<br><br>Nos centramos en medicamentos raros y complejos, en colaboraci\u00f3n con los mejores fabricantes y proveedores del mundo.<\/p><\/div><\/div>\n<\/div>\n\n\n\n<div class=\"wp-block-uagb-container uagb-block-b8876bf9 alignfull uagb-is-root-container\"><div class=\"uagb-container-inner-blocks-wrap\">\n<div class=\"wp-block-uagb-advanced-heading uagb-block-18aca67e\" id=\"OFFER\"><h2 class=\"uagb-heading-text\">OFRECEMOS A NUESTROS SOCIOS<\/h2><\/div>\n\n\n\n<div class=\"wp-block-uagb-container uagb-block-bc6beadd\">\n<div class=\"wp-block-cover\"><span aria-hidden=\"true\" class=\"wp-block-cover__background has-background-dim\" style=\"background-color:#2c5376\"><\/span><img loading=\"lazy\" decoding=\"async\" width=\"1605\" height=\"421\" class=\"wp-block-cover__image-background wp-image-2090\" alt=\"\" src=\"https:\/\/farmalogica.com.pa\/wp-content\/uploads\/2025\/01\/FOCUS.png\" data-object-fit=\"cover\" srcset=\"https:\/\/farmalogica.com.pa\/wp-content\/uploads\/2025\/01\/FOCUS.png 1605w, https:\/\/farmalogica.com.pa\/wp-content\/uploads\/2025\/01\/FOCUS-300x79.png 300w, https:\/\/farmalogica.com.pa\/wp-content\/uploads\/2025\/01\/FOCUS-1024x269.png 1024w, https:\/\/farmalogica.com.pa\/wp-content\/uploads\/2025\/01\/FOCUS-768x201.png 768w, https:\/\/farmalogica.com.pa\/wp-content\/uploads\/2025\/01\/FOCUS-1536x403.png 1536w\" sizes=\"auto, (max-width: 1605px) 100vw, 1605px\" \/><div class=\"wp-block-cover__inner-container is-layout-flow wp-block-cover-is-layout-flow\">\n<h5 class=\"wp-block-heading has-text-align-center\">Enfoque: Un solo socio por Producto y por Territorio<\/h5>\n<\/div><\/div>\n<\/div>\n\n\n\n<div class=\"wp-block-uagb-container uagb-block-6087cb5c\">\n<div class=\"wp-block-cover has-parallax\"><span aria-hidden=\"true\" class=\"wp-block-cover__background has-background-dim\" style=\"background-color:#155e8a\"><\/span><div class=\"wp-block-cover__image-background wp-image-2099 has-parallax\" style=\"background-position:50% 50%;background-image:url(https:\/\/farmalogica.com.pa\/wp-content\/uploads\/2025\/01\/SUPERIOR-INVESTMENT-DRIVEN-MARKET-DATA-BASED.png)\"><\/div><div class=\"wp-block-cover__inner-container is-layout-flow wp-block-cover-is-layout-flow\">\n<h5 class=\"wp-block-heading has-text-align-center\">Inteligencia de Negocio Superior, Basado en Datos.<\/h5>\n<\/div><\/div>\n\n\n\n<div class=\"wp-block-cover\"><span aria-hidden=\"true\" class=\"wp-block-cover__background has-background-dim\" style=\"background-color:#3f5e83\"><\/span><img loading=\"lazy\" decoding=\"async\" width=\"1605\" height=\"421\" class=\"wp-block-cover__image-background wp-image-2100\" alt=\"\" src=\"https:\/\/farmalogica.com.pa\/wp-content\/uploads\/2025\/01\/END-TO-END.png\" data-object-fit=\"cover\" srcset=\"https:\/\/farmalogica.com.pa\/wp-content\/uploads\/2025\/01\/END-TO-END.png 1605w, https:\/\/farmalogica.com.pa\/wp-content\/uploads\/2025\/01\/END-TO-END-300x79.png 300w, https:\/\/farmalogica.com.pa\/wp-content\/uploads\/2025\/01\/END-TO-END-1024x269.png 1024w, https:\/\/farmalogica.com.pa\/wp-content\/uploads\/2025\/01\/END-TO-END-768x201.png 768w, https:\/\/farmalogica.com.pa\/wp-content\/uploads\/2025\/01\/END-TO-END-1536x403.png 1536w\" sizes=\"auto, (max-width: 1605px) 100vw, 1605px\" \/><div class=\"wp-block-cover__inner-container is-layout-flow wp-block-cover-is-layout-flow\">\n<h5 class=\"wp-block-heading has-text-align-center\">Gesti\u00f3n completa del Ciclo de Vida del Producto<\/h5>\n<\/div><\/div>\n\n\n\n<div class=\"wp-block-cover\"><span aria-hidden=\"true\" class=\"wp-block-cover__background has-ast-global-color-8-background-color has-background-dim\"><\/span><img loading=\"lazy\" decoding=\"async\" width=\"1605\" height=\"421\" class=\"wp-block-cover__image-background wp-image-2102\" alt=\"\" src=\"https:\/\/farmalogica.com.pa\/wp-content\/uploads\/2025\/01\/DISTRIBUTION-PHARMA-COSTARICA.png\" data-object-fit=\"cover\" srcset=\"https:\/\/farmalogica.com.pa\/wp-content\/uploads\/2025\/01\/DISTRIBUTION-PHARMA-COSTARICA.png 1605w, https:\/\/farmalogica.com.pa\/wp-content\/uploads\/2025\/01\/DISTRIBUTION-PHARMA-COSTARICA-300x79.png 300w, https:\/\/farmalogica.com.pa\/wp-content\/uploads\/2025\/01\/DISTRIBUTION-PHARMA-COSTARICA-1024x269.png 1024w, https:\/\/farmalogica.com.pa\/wp-content\/uploads\/2025\/01\/DISTRIBUTION-PHARMA-COSTARICA-768x201.png 768w, https:\/\/farmalogica.com.pa\/wp-content\/uploads\/2025\/01\/DISTRIBUTION-PHARMA-COSTARICA-1536x403.png 1536w\" sizes=\"auto, (max-width: 1605px) 100vw, 1605px\" \/><div class=\"wp-block-cover__inner-container is-layout-flow wp-block-cover-is-layout-flow\">\n<h5 class=\"wp-block-heading has-text-align-center\">Infraestructura establecida que cumple con las Buenas Pr\u00e1cticas de Distribuci\u00f3n<\/h5>\n<\/div><\/div>\n\n\n\n<div class=\"wp-block-cover has-parallax\"><span aria-hidden=\"true\" class=\"wp-block-cover__background has-ast-global-color-8-background-color has-background-dim\"><\/span><div class=\"wp-block-cover__image-background wp-image-2103 has-parallax\" style=\"background-position:50% 50%;background-image:url(https:\/\/farmalogica.com.pa\/wp-content\/uploads\/2025\/01\/PHARMA-MOLECULES-COMPLEX.png)\"><\/div><div class=\"wp-block-cover__inner-container is-layout-flow wp-block-cover-is-layout-flow\">\n<h5 class=\"wp-block-heading has-text-align-center\">Experiencia incomparable en Mol\u00e9culas Complejas<\/h5>\n<\/div><\/div>\n<\/div>\n<\/div><\/div>\n\n\n\n<div class=\"wp-block-uagb-container uagb-block-f2ef825b alignfull uagb-is-root-container\"><div class=\"uagb-container-inner-blocks-wrap\">\n<div id=\"MISSION\" class=\"wp-block-uagb-container uagb-block-8e598cb3\"><div class=\"uagb-container__video-wrap\"><video autoplay loop muted playsinline><source src=\"https:\/\/farmalogica.com.pa\/wp-content\/uploads\/2025\/02\/VIDEO-MENU-4.mp4\" type=\"video\/mp4\"\/><\/video><\/div>\n<div class=\"wp-block-uagb-info-box uagb-block-b1b2aed8 uagb-infobox__content-wrap  uagb-infobox-icon-above-title uagb-infobox-image-valign-top\"><div class=\"uagb-ifb-content\"><div class=\"uagb-ifb-icon-wrap\"><svg xmlns=\"https:\/\/www.w3.org\/2000\/svg\" viewbox=\"0 0 512 512\"><path d=\"M0 256C0 114.6 114.6 0 256 0C397.4 0 512 114.6 512 256C512 397.4 397.4 512 256 512C114.6 512 0 397.4 0 256zM371.8 211.8C382.7 200.9 382.7 183.1 371.8 172.2C360.9 161.3 343.1 161.3 332.2 172.2L224 280.4L179.8 236.2C168.9 225.3 151.1 225.3 140.2 236.2C129.3 247.1 129.3 264.9 140.2 275.8L204.2 339.8C215.1 350.7 232.9 350.7 243.8 339.8L371.8 211.8z\"><\/path><\/svg><\/div><div class=\"uagb-ifb-title-wrap\"><h3 class=\"uagb-ifb-title\">Nuestra Misi\u00f3n<\/h3><\/div><p class=\"uagb-ifb-desc\">Mejorar el acceso a medicamentos de alta calidad, raros y complejos en toda la regi\u00f3n.<\/p><\/div><\/div>\n<\/div>\n\n\n\n<div class=\"wp-block-uagb-container uagb-block-7585e547 alignfull uagb-is-root-container\"><div class=\"uagb-container-inner-blocks-wrap\">\n<div class=\"wp-block-uagb-container uagb-block-0b12dafa\">\n<div class=\"wp-block-uagb-info-box uagb-block-80e31327 uagb-infobox__content-wrap  uagb-infobox-icon-above-title uagb-infobox-image-valign-top\"><div class=\"uagb-ifb-content\"><div class=\"uagb-ifb-icon-wrap\"><svg xmlns=\"https:\/\/www.w3.org\/2000\/svg\" viewbox=\"0 0 512 512\"><path d=\"M256 159.1c-53.02 0-95.1 42.98-95.1 95.1S202.1 351.1 256 351.1s95.1-42.98 95.1-95.1S309 159.1 256 159.1zM509.3 347L446.1 255.1l63.15-91.01c6.332-9.125 1.104-21.74-9.826-23.72l-109-19.7l-19.7-109c-1.975-10.93-14.59-16.16-23.72-9.824L256 65.89L164.1 2.736c-9.125-6.332-21.74-1.107-23.72 9.824L121.6 121.6L12.56 141.3C1.633 143.2-3.596 155.9 2.736 164.1L65.89 256l-63.15 91.01c-6.332 9.125-1.105 21.74 9.824 23.72l109 19.7l19.7 109c1.975 10.93 14.59 16.16 23.72 9.824L256 446.1l91.01 63.15c9.127 6.334 21.75 1.107 23.72-9.822l19.7-109l109-19.7C510.4 368.8 515.6 356.1 509.3 347zM256 383.1c-70.69 0-127.1-57.31-127.1-127.1c0-70.69 57.31-127.1 127.1-127.1s127.1 57.3 127.1 127.1C383.1 326.7 326.7 383.1 256 383.1z\"><\/path><\/svg><\/div><div class=\"uagb-ifb-title-wrap\"><h6 class=\"uagb-ifb-title\">RESPONSABILIDAD SOCIAL<\/h6><\/div><p class=\"uagb-ifb-desc\">Estamos comprometidos con programas que mejoren la atenci\u00f3n m\u00e9dica y los problemas de salud no abordados que afectan a los ciudadanos centroamericanos.<\/p><\/div><\/div>\n<\/div>\n\n\n\n<div class=\"wp-block-uagb-container uagb-block-787d69bd\">\n<div class=\"wp-block-uagb-info-box uagb-block-a889edce uagb-infobox__content-wrap  uagb-infobox-icon-above-title uagb-infobox-image-valign-top\"><div class=\"uagb-ifb-content\"><div class=\"uagb-ifb-icon-wrap\"><svg xmlns=\"https:\/\/www.w3.org\/2000\/svg\" viewbox=\"0 0 576 512\"><path d=\"M568.2 336.3c-13.12-17.81-38.14-21.66-55.93-8.469l-119.7 88.17h-120.6c-8.748 0-15.1-7.25-15.1-15.99c0-8.75 7.25-16 15.1-16h78.25c15.1 0 30.75-10.88 33.37-26.62c3.25-20-12.12-37.38-31.62-37.38H191.1c-26.1 0-53.12 9.25-74.12 26.25l-46.5 37.74L15.1 383.1C7.251 383.1 0 391.3 0 400v95.98C0 504.8 7.251 512 15.1 512h346.1c22.03 0 43.92-7.188 61.7-20.27l135.1-99.52C577.5 379.1 581.3 354.1 568.2 336.3zM160 176h64v64C224 248.8 231.2 256 240 256h64C312.8 256 320 248.8 320 240v-64h64c8.836 0 16-7.164 16-16V96c0-8.838-7.164-16-16-16h-64v-64C320 7.162 312.8 0 304 0h-64C231.2 0 224 7.162 224 16v64H160C151.2 80 144 87.16 144 96v64C144 168.8 151.2 176 160 176z\"><\/path><\/svg><\/div><div class=\"uagb-ifb-title-wrap\"><h6 class=\"uagb-ifb-title\">\u00c9TICA<\/h6><\/div><p class=\"uagb-ifb-desc\">Valoramos la lealtad, el compromiso, la comunicaci\u00f3n y la creaci\u00f3n de soluciones beneficiosas para todos. Todos nuestros ejecutivos se rigen por estrictas pol\u00edticas y pr\u00e1cticas \u00e9ticas y anticorrupci\u00f3n.<\/p><\/div><\/div>\n<\/div>\n<\/div><\/div>\n<\/div><\/div>\n\n\n\n<div class=\"wp-block-uagb-container uagb-block-d1273c10 alignfull uagb-is-root-container\"><div class=\"uagb-container-inner-blocks-wrap\">\n<div class=\"wp-block-uagb-info-box uagb-block-a0b1bbdf uagb-infobox__content-wrap  uagb-infobox-icon-above-title uagb-infobox-image-valign-top\"><div class=\"uagb-ifb-content\"><div class=\"uagb-ifb-title-wrap\"><h2 class=\"uagb-ifb-title\">Nuestra Creencia<\/h2><\/div><p class=\"uagb-ifb-desc\">Ninguna persona deber\u00eda carecer de acceso a los medicamentos o a la calidad de vida por consideraciones financieras o pol\u00edticas.<br><br><\/p><\/div><\/div>\n\n\n\n<blockquote class=\"wp-block-quote is-layout-flow wp-block-quote-is-layout-flow\">\n<p class=\"has-text-align-center has-x-large-font-size\">\u201cEl acceso a medicamentos de calidad es un derecho humano moderno e intr\u00ednseco\u201d.<\/p>\n<\/blockquote>\n<\/div><\/div>\n\n\n\n<div class=\"wp-block-uagb-container uagb-block-7c6c70fa alignfull uagb-is-root-container\">\n<div class=\"wp-block-uagb-container uagb-block-955ce554\"><\/div>\n\n\n\n<div class=\"wp-block-uagb-container uagb-block-7fdb5a42\">\n<div class=\"wp-block-uagb-info-box uagb-block-0d58403c uagb-infobox__content-wrap  uagb-infobox-icon-above-title uagb-infobox-image-valign-top wp-block-uagb-info-box--has-margin\"><div class=\"uagb-infobox-margin-wrapper\"><div class=\"uagb-ifb-content\"><div class=\"uagb-ifb-title-wrap\"><h4 class=\"uagb-ifb-title\">GESTI\u00d3N DE PRODUCTOS DE EXTREMO A EXTREMO<\/h4><\/div><p class=\"uagb-ifb-desc\">Brindamos instalaciones y servicios de almacenamiento modernos, de \u00faltima generaci\u00f3n y que cumplen con las normas GDP (todos los rangos de temperatura), que incluyen gesti\u00f3n de inventario, empaque\/reenvasado as\u00e9ptico, retiro de productos y servicios completos de PV en el mercado para todas las clases de productos farmac\u00e9uticos.<br><br>Nuestra experiencia interna incomparable con mol\u00e9culas complejas nos permite navegar por los desafiantes panoramas regulatorios y llegar a resultados comerciales.&nbsp;<\/p><\/div><\/div><\/div>\n<\/div>\n<\/div>\n\n\n\n<div class=\"wp-block-uagb-container uagb-block-d6087c7c alignfull uagb-is-root-container\">\n<div class=\"wp-block-uagb-container uagb-block-d2067dfb\">\n<div class=\"wp-block-uagb-info-box uagb-block-3dd75344 uagb-infobox__content-wrap  uagb-infobox-icon-above-title uagb-infobox-image-valign-top wp-block-uagb-info-box--has-margin\"><div class=\"uagb-infobox-margin-wrapper\"><div class=\"uagb-ifb-content\"><div class=\"uagb-ifb-title-wrap\"><h4 class=\"uagb-ifb-title\">&nbsp;<br>ENFOQUE DISRUPTIVO<\/h4><\/div><p class=\"uagb-ifb-desc\">Nuestro enfoque proporciona a nuestros socios:<br><br><strong>Focus:<\/strong> One Partner, One product, One Result. <br><br>No realizamos registros m\u00faltiples del mismo producto en ning\u00fan territorio.<br><br><strong>Transparency:<\/strong> Real, actionable business and regulatory intelligence.<br><br><strong>Superior Market Research and Insight:<\/strong> Multi-sourced, data driven insight into market Conditions and Opportunities ahead of Competitors.<br><br><strong>Full Lifecycle Management: <\/strong>Proactive involvement from product concept to market saturation. In market support.<br><br><strong>Specialization:<\/strong> Expertise in rare and complex molecules.<\/p><\/div><\/div><\/div>\n<\/div>\n\n\n\n<div class=\"wp-block-cover is-light\" style=\"min-height:100vh;aspect-ratio:unset;\"><span aria-hidden=\"true\" class=\"wp-block-cover__background has-background-dim\" style=\"background-color:#8a8fa7\"><\/span><img loading=\"lazy\" decoding=\"async\" width=\"3000\" height=\"2001\" class=\"wp-block-cover__image-background wp-image-2212\" alt=\"\" src=\"https:\/\/farmalogica.com.pa\/wp-content\/uploads\/2025\/03\/CONTACT-EDITED-IMAGE.png\" data-object-fit=\"cover\" srcset=\"https:\/\/farmalogica.com.pa\/wp-content\/uploads\/2025\/03\/CONTACT-EDITED-IMAGE.png 3000w, https:\/\/farmalogica.com.pa\/wp-content\/uploads\/2025\/03\/CONTACT-EDITED-IMAGE-300x200.png 300w, https:\/\/farmalogica.com.pa\/wp-content\/uploads\/2025\/03\/CONTACT-EDITED-IMAGE-1024x683.png 1024w, https:\/\/farmalogica.com.pa\/wp-content\/uploads\/2025\/03\/CONTACT-EDITED-IMAGE-768x512.png 768w, https:\/\/farmalogica.com.pa\/wp-content\/uploads\/2025\/03\/CONTACT-EDITED-IMAGE-1536x1025.png 1536w, https:\/\/farmalogica.com.pa\/wp-content\/uploads\/2025\/03\/CONTACT-EDITED-IMAGE-2048x1366.png 2048w\" sizes=\"auto, (max-width: 3000px) 100vw, 3000px\" \/><div class=\"wp-block-cover__inner-container is-layout-flow wp-block-cover-is-layout-flow\">\n<p class=\"has-text-align-center has-large-font-size\"><\/p>\n<\/div><\/div>\n<\/div>\n\n\n\n<div class=\"wp-block-uagb-container uagb-block-f31e59c3 default uagb-is-root-container\"><div class=\"uagb-container__video-wrap\"><video autoplay loop muted playsinline><source src=\"https:\/\/farmalogica.com.pa\/wp-content\/uploads\/2025\/03\/MEDICS-3.mp4\" type=\"video\/mp4\"\/><\/video><\/div>\n<div class=\"wp-block-uagb-advanced-heading uagb-block-6d5f1184\" id=\"OURPARTNERS\"><h2 class=\"uagb-heading-text\">Nuestros Socios<\/h2><\/div>\n\n\n\n<div class=\"wp-block-uagb-container uagb-block-8a30b49a\">\n<p>Estamos orgullosos de estar asociados con algunas de las mejores compa\u00f1\u00edas farmac\u00e9uticas del mundo, incluida la representaci\u00f3n del mayor n\u00famero de mol\u00e9culas hu\u00e9rfanas en la regi\u00f3n.<\/p>\n\n\n\n<p>Buscamos socios GMP establecidos de la UE o la FDA que valoren una asociaci\u00f3n eficaz en el mercado, que est\u00e9n dedicados a los m\u00e1s altos est\u00e1ndares de cumplimiento de calidad y sean lo suficientemente flexibles para adaptarse a las condiciones del mercado emergente.<\/p>\n\n\n\n<p>Estamos interesados \u200b\u200ben comercializar medicamentos complejos, escasos y de alto valor.<\/p>\n<\/div>\n<\/div>\n\n\n\n<div class=\"wp-block-cover\"><span aria-hidden=\"true\" class=\"wp-block-cover__background has-background-dim\"><\/span><img loading=\"lazy\" decoding=\"async\" width=\"1024\" height=\"683\" class=\"wp-block-cover__image-background wp-image-2249\" alt=\"\" src=\"https:\/\/farmalogica.com.pa\/wp-content\/uploads\/2025\/03\/WHY-CHOSE-1-1024x683.png\" data-object-fit=\"cover\" srcset=\"https:\/\/farmalogica.com.pa\/wp-content\/uploads\/2025\/03\/WHY-CHOSE-1-1024x683.png 1024w, https:\/\/farmalogica.com.pa\/wp-content\/uploads\/2025\/03\/WHY-CHOSE-1-300x200.png 300w, https:\/\/farmalogica.com.pa\/wp-content\/uploads\/2025\/03\/WHY-CHOSE-1-768x512.png 768w, https:\/\/farmalogica.com.pa\/wp-content\/uploads\/2025\/03\/WHY-CHOSE-1-1536x1024.png 1536w, https:\/\/farmalogica.com.pa\/wp-content\/uploads\/2025\/03\/WHY-CHOSE-1-18x12.png 18w, https:\/\/farmalogica.com.pa\/wp-content\/uploads\/2025\/03\/WHY-CHOSE-1.png 1806w\" sizes=\"auto, (max-width: 1024px) 100vw, 1024px\" \/><div class=\"wp-block-cover__inner-container is-layout-flow wp-block-cover-is-layout-flow\">\n<p class=\"has-text-align-center has-large-font-size\" id=\"WHY\"><strong>POR QU\u00c9 ELEGIRNOS?<\/strong><\/p>\n\n\n\n<div class=\"wp-block-uagb-container uagb-block-4cea397c alignfull uagb-is-root-container\"><div class=\"uagb-container-inner-blocks-wrap\">\n<p>Gracias por considerar asociarse con el Grupo Farmalogica. Al colaborar con nosotros, obtendr\u00e1 acceso a una amplia gama de beneficios dise\u00f1ados para maximizar su \u00e9xito comercial en Centroam\u00e9rica.<\/p>\n\n\n\n<p>\u00danase a nosotros para transformar el acceso a la atenci\u00f3n m\u00e9dica compleja y alcanzar el \u00e9xito en el mercado mediante un modelo de negocio superior y robusto. Hablamos su idioma de negocios.<\/p>\n<\/div><\/div>\n<\/div><\/div>\n\n\n\n<div id=\"CONTACT\" class=\"wp-block-uagb-container uagb-block-e5b66e63 alignfull uagb-is-root-container\"><div class=\"uagb-container-inner-blocks-wrap\">\n<div class=\"wp-block-uagb-info-box uagb-block-3c6c03f4 uagb-infobox__content-wrap  uagb-infobox-icon-left uagb-infobox-left uagb-infobox-stacked-mobile uagb-infobox-image-valign-top\"><div class=\"uagb-ifb-icon-wrap\"><svg xmlns=\"https:\/\/www.w3.org\/2000\/svg\" viewbox=\"0 0 512 512\"><path d=\"M464 64C490.5 64 512 85.49 512 112C512 127.1 504.9 141.3 492.8 150.4L275.2 313.6C263.8 322.1 248.2 322.1 236.8 313.6L19.2 150.4C7.113 141.3 0 127.1 0 112C0 85.49 21.49 64 48 64H464zM217.6 339.2C240.4 356.3 271.6 356.3 294.4 339.2L512 176V384C512 419.3 483.3 448 448 448H64C28.65 448 0 419.3 0 384V176L217.6 339.2z\"><\/path><\/svg><\/div><div class=\"uagb-ifb-content\"><div class=\"uagb-ifb-title-wrap\"><h6 class=\"uagb-ifb-title\">Correo Electr\u00f3nico:<\/h6><\/div><p class=\"uagb-ifb-desc\">contact@farmalogica.com.pa<\/p><\/div><\/div>\n\n\n\n<div class=\"wp-block-group is-layout-constrained wp-block-group-is-layout-constrained\">\n<div class=\"wp-block-uagb-info-box uagb-block-9f5291c5 uagb-infobox__content-wrap  uagb-infobox-icon-left uagb-infobox-left uagb-infobox-stacked-mobile uagb-infobox-image-valign-top\"><div class=\"uagb-ifb-icon-wrap\"><svg xmlns=\"https:\/\/www.w3.org\/2000\/svg\" viewbox=\"0 0 512 512\"><path d=\"M256 512C114.6 512 0 397.4 0 256C0 114.6 114.6 0 256 0C397.4 0 512 114.6 512 256C512 397.4 397.4 512 256 512zM232 256C232 264 236 271.5 242.7 275.1L338.7 339.1C349.7 347.3 364.6 344.3 371.1 333.3C379.3 322.3 376.3 307.4 365.3 300L280 243.2V120C280 106.7 269.3 96 255.1 96C242.7 96 231.1 106.7 231.1 120L232 256z\"><\/path><\/svg><\/div><div class=\"uagb-ifb-content\"><div class=\"uagb-ifb-title-wrap\"><h6 class=\"uagb-ifb-title\">Horario de Servicio:<\/h6><\/div><p class=\"uagb-ifb-desc\">Mon-Sat: 9am &#8211; 6pm<\/p><\/div><\/div>\n<\/div>\n<\/div><\/div>","protected":false},"excerpt":{"rendered":"<p>WE OFFER OUR PARTNERS &#8220;Access to quality medicines is amodern, intrinsic human right.&#8221; Our Partners We are proud to be associated with some of the world\u2019s best Pharmaceutical Companies, including representing the highest number of orphan molecules in the region. We seek established EU or FDA GMP Partners who value effective in-market partnership, who are [&hellip;]<\/p>","protected":false},"author":1,"featured_media":0,"parent":0,"menu_order":0,"comment_status":"closed","ping_status":"closed","template":"","meta":{"_uag_custom_page_level_css":"","site-sidebar-layout":"no-sidebar","site-content-layout":"plain-container","ast-site-content-layout":"normal-width-container","site-content-style":"unboxed","site-sidebar-style":"unboxed","ast-global-header-display":"","ast-banner-title-visibility":"","ast-main-header-display":"","ast-hfb-above-header-display":"","ast-hfb-below-header-display":"","ast-hfb-mobile-header-display":"","site-post-title":"disabled","ast-breadcrumbs-content":"","ast-featured-img":"disabled","footer-sml-layout":"","ast-disable-related-posts":"","theme-transparent-header-meta":"enabled","adv-header-id-meta":"","stick-header-meta":"","header-above-stick-meta":"","header-main-stick-meta":"","header-below-stick-meta":"","astra-migrate-meta-layouts":"set","ast-page-background-enabled":"default","ast-page-background-meta":{"desktop":{"background-color":"","background-image":"","background-repeat":"repeat","background-position":"center center","background-size":"auto","background-attachment":"scroll","background-type":"","background-media":"","overlay-type":"","overlay-color":"","overlay-opacity":"","overlay-gradient":""},"tablet":{"background-color":"","background-image":"","background-repeat":"repeat","background-position":"center center","background-size":"auto","background-attachment":"scroll","background-type":"","background-media":"","overlay-type":"","overlay-color":"","overlay-opacity":"","overlay-gradient":""},"mobile":{"background-color":"","background-image":"","background-repeat":"repeat","background-position":"center center","background-size":"auto","background-attachment":"scroll","background-type":"","background-media":"","overlay-type":"","overlay-color":"","overlay-opacity":"","overlay-gradient":""}},"ast-content-background-meta":{"desktop":{"background-color":"var(--ast-global-color-5)","background-image":"","background-repeat":"repeat","background-position":"center center","background-size":"auto","background-attachment":"scroll","background-type":"","background-media":"","overlay-type":"","overlay-color":"","overlay-opacity":"","overlay-gradient":""},"tablet":{"background-color":"var(--ast-global-color-5)","background-image":"","background-repeat":"repeat","background-position":"center center","background-size":"auto","background-attachment":"scroll","background-type":"","background-media":"","overlay-type":"","overlay-color":"","overlay-opacity":"","overlay-gradient":""},"mobile":{"background-color":"var(--ast-global-color-5)","background-image":"","background-repeat":"repeat","background-position":"center center","background-size":"auto","background-attachment":"scroll","background-type":"","background-media":"","overlay-type":"","overlay-color":"","overlay-opacity":"","overlay-gradient":""}},"footnotes":""},"class_list":["post-885","page","type-page","status-publish","hentry"],"aioseo_notices":[],"uagb_featured_image_src":{"full":false,"thumbnail":false,"medium":false,"medium_large":false,"large":false,"1536x1536":false,"2048x2048":false,"trp-custom-language-flag":false},"uagb_author_info":{"display_name":"scuthbertson@costapharm.com","author_link":"https:\/\/farmalogica.com.pa\/es\/author\/scuthbertsoncostapharm-com\/"},"uagb_comment_info":0,"uagb_excerpt":"WE OFFER OUR PARTNERS &#8220;Access to quality medicines is amodern, intrinsic human right.&#8221; Our Partners We are proud to be associated with some of the world\u2019s best Pharmaceutical Companies, including representing the highest number of orphan molecules in the region. We seek established EU or FDA GMP Partners who value effective in-market partnership, who are&hellip;","_links":{"self":[{"href":"https:\/\/farmalogica.com.pa\/es\/wp-json\/wp\/v2\/pages\/885","targetHints":{"allow":["GET"]}}],"collection":[{"href":"https:\/\/farmalogica.com.pa\/es\/wp-json\/wp\/v2\/pages"}],"about":[{"href":"https:\/\/farmalogica.com.pa\/es\/wp-json\/wp\/v2\/types\/page"}],"author":[{"embeddable":true,"href":"https:\/\/farmalogica.com.pa\/es\/wp-json\/wp\/v2\/users\/1"}],"replies":[{"embeddable":true,"href":"https:\/\/farmalogica.com.pa\/es\/wp-json\/wp\/v2\/comments?post=885"}],"version-history":[{"count":68,"href":"https:\/\/farmalogica.com.pa\/es\/wp-json\/wp\/v2\/pages\/885\/revisions"}],"predecessor-version":[{"id":2271,"href":"https:\/\/farmalogica.com.pa\/es\/wp-json\/wp\/v2\/pages\/885\/revisions\/2271"}],"wp:attachment":[{"href":"https:\/\/farmalogica.com.pa\/es\/wp-json\/wp\/v2\/media?parent=885"}],"curies":[{"name":"wp","href":"https:\/\/api.w.org\/{rel}","templated":true}]}}